{"id":22,"date":"2026-04-09T14:44:30","date_gmt":"2026-04-09T12:44:30","guid":{"rendered":"https:\/\/frhb10946ds.ikexpress.com\/~hacka2603\/wp_en_selle\/?page_id=22"},"modified":"2026-05-05T14:27:41","modified_gmt":"2026-05-05T12:27:41","slug":"accompagnatrice","status":"publish","type":"page","link":"https:\/\/frhb10946ds.ikexpress.com\/~hacka2603\/wp_en_selle\/accompagnatrice","title":{"rendered":"Accompagnatrice"},"content":{"rendered":"","protected":false},"excerpt":{"rendered":"","protected":false},"author":2,"featured_media":0,"parent":0,"menu_order":0,"comment_status":"closed","ping_status":"closed","template":"template-accompagnatrice.php","meta":{"_acf_changed":false,"footnotes":""},"class_list":["post-22","page","type-page","status-publish","hentry"],"acf":{"titre_hero_accomp":"Derri\u00e8re les r\u00eanes, une vraie passion","titre_hero_accomp_source":{"label":"Titre hero accomp","type":"text","formatted_value":"Derri\u00e8re les r\u00eanes, une vraie passion"},"sous_titre_hero_accomp":"Monitrice dipl\u00f4m\u00e9e, amoureuse des chevaux et convaincue que chaque balade peut transformer une journ\u00e9e ordinaire en souvenir imp\u00e9rissable.","sous_titre_hero_accomp_source":{"label":"Sous titre hero accomp","type":"textarea","formatted_value":"Monitrice dipl\u00f4m\u00e9e, amoureuse des chevaux et convaincue que chaque balade peut transformer une journ\u00e9e ordinaire en souvenir imp\u00e9rissable."},"image_en_tete":{"ID":317,"id":317,"title":"course","filename":"course-1.jpg","filesize":674714,"url":"https:\/\/frhb10946ds.ikexpress.com\/~hacka2603\/wp_en_selle\/wp-content\/uploads\/2026\/04\/course-1.jpg","link":"https:\/\/frhb10946ds.ikexpress.com\/~hacka2603\/wp_en_selle\/accompagnatrice\/course-2","alt":"chevaux qui court","author":"1","description":"","caption":"","name":"course-2","status":"inherit","uploaded_to":22,"date":"2026-04-10 06:28:08","modified":"2026-04-10 06:28:19","menu_order":0,"mime_type":"image\/jpeg","type":"image","subtype":"jpeg","icon":"https:\/\/frhb10946ds.ikexpress.com\/~hacka2603\/wp_en_selle\/wp-includes\/images\/media\/default.png","width":1998,"height":603,"sizes":{"thumbnail":"https:\/\/frhb10946ds.ikexpress.com\/~hacka2603\/wp_en_selle\/wp-content\/uploads\/2026\/04\/course-1-150x150.jpg","thumbnail-width":150,"thumbnail-height":150,"medium":"https:\/\/frhb10946ds.ikexpress.com\/~hacka2603\/wp_en_selle\/wp-content\/uploads\/2026\/04\/course-1-300x91.jpg","medium-width":300,"medium-height":91,"medium_large":"https:\/\/frhb10946ds.ikexpress.com\/~hacka2603\/wp_en_selle\/wp-content\/uploads\/2026\/04\/course-1-768x232.jpg","medium_large-width":768,"medium_large-height":232,"large":"https:\/\/frhb10946ds.ikexpress.com\/~hacka2603\/wp_en_selle\/wp-content\/uploads\/2026\/04\/course-1-1024x309.jpg","large-width":1024,"large-height":309,"1536x1536":"https:\/\/frhb10946ds.ikexpress.com\/~hacka2603\/wp_en_selle\/wp-content\/uploads\/2026\/04\/course-1-1536x464.jpg","1536x1536-width":1536,"1536x1536-height":464,"2048x2048":"https:\/\/frhb10946ds.ikexpress.com\/~hacka2603\/wp_en_selle\/wp-content\/uploads\/2026\/04\/course-1.jpg","2048x2048-width":1998,"2048x2048-height":603}},"image_en_tete_source":{"label":"Image ent\u00eate","type":"image","formatted_value":{"ID":317,"id":317,"title":"course","filename":"course-1.jpg","filesize":674714,"url":"https:\/\/frhb10946ds.ikexpress.com\/~hacka2603\/wp_en_selle\/wp-content\/uploads\/2026\/04\/course-1.jpg","link":"https:\/\/frhb10946ds.ikexpress.com\/~hacka2603\/wp_en_selle\/accompagnatrice\/course-2","alt":"chevaux qui court","author":"1","description":"","caption":"","name":"course-2","status":"inherit","uploaded_to":22,"date":"2026-04-10 06:28:08","modified":"2026-04-10 06:28:19","menu_order":0,"mime_type":"image\/jpeg","type":"image","subtype":"jpeg","icon":"https:\/\/frhb10946ds.ikexpress.com\/~hacka2603\/wp_en_selle\/wp-includes\/images\/media\/default.png","width":1998,"height":603,"sizes":{"thumbnail":"https:\/\/frhb10946ds.ikexpress.com\/~hacka2603\/wp_en_selle\/wp-content\/uploads\/2026\/04\/course-1-150x150.jpg","thumbnail-width":150,"thumbnail-height":150,"medium":"https:\/\/frhb10946ds.ikexpress.com\/~hacka2603\/wp_en_selle\/wp-content\/uploads\/2026\/04\/course-1-300x91.jpg","medium-width":300,"medium-height":91,"medium_large":"https:\/\/frhb10946ds.ikexpress.com\/~hacka2603\/wp_en_selle\/wp-content\/uploads\/2026\/04\/course-1-768x232.jpg","medium_large-width":768,"medium_large-height":232,"large":"https:\/\/frhb10946ds.ikexpress.com\/~hacka2603\/wp_en_selle\/wp-content\/uploads\/2026\/04\/course-1-1024x309.jpg","large-width":1024,"large-height":309,"1536x1536":"https:\/\/frhb10946ds.ikexpress.com\/~hacka2603\/wp_en_selle\/wp-content\/uploads\/2026\/04\/course-1-1536x464.jpg","1536x1536-width":1536,"1536x1536-height":464,"2048x2048":"https:\/\/frhb10946ds.ikexpress.com\/~hacka2603\/wp_en_selle\/wp-content\/uploads\/2026\/04\/course-1.jpg","2048x2048-width":1998,"2048x2048-height":603}}},"photo_accompagnatrice":{"ID":237,"id":237,"title":"IMG-20250913-WA0015","filename":"IMG-20250913-WA0015.jpg","filesize":129376,"url":"https:\/\/frhb10946ds.ikexpress.com\/~hacka2603\/wp_en_selle\/wp-content\/uploads\/2026\/04\/IMG-20250913-WA0015.jpg","link":"https:\/\/frhb10946ds.ikexpress.com\/~hacka2603\/wp_en_selle\/accueil\/img-20250913-wa0015","alt":"accompagnatrice avec son cheval","author":"2","description":"","caption":"","name":"img-20250913-wa0015","status":"inherit","uploaded_to":28,"date":"2026-04-09 16:51:35","modified":"2026-04-10 06:28:45","menu_order":0,"mime_type":"image\/jpeg","type":"image","subtype":"jpeg","icon":"https:\/\/frhb10946ds.ikexpress.com\/~hacka2603\/wp_en_selle\/wp-includes\/images\/media\/default.png","width":1066,"height":1600,"sizes":{"thumbnail":"https:\/\/frhb10946ds.ikexpress.com\/~hacka2603\/wp_en_selle\/wp-content\/uploads\/2026\/04\/IMG-20250913-WA0015-150x150.jpg","thumbnail-width":150,"thumbnail-height":150,"medium":"https:\/\/frhb10946ds.ikexpress.com\/~hacka2603\/wp_en_selle\/wp-content\/uploads\/2026\/04\/IMG-20250913-WA0015-200x300.jpg","medium-width":200,"medium-height":300,"medium_large":"https:\/\/frhb10946ds.ikexpress.com\/~hacka2603\/wp_en_selle\/wp-content\/uploads\/2026\/04\/IMG-20250913-WA0015-768x1153.jpg","medium_large-width":768,"medium_large-height":1153,"large":"https:\/\/frhb10946ds.ikexpress.com\/~hacka2603\/wp_en_selle\/wp-content\/uploads\/2026\/04\/IMG-20250913-WA0015-682x1024.jpg","large-width":682,"large-height":1024,"1536x1536":"https:\/\/frhb10946ds.ikexpress.com\/~hacka2603\/wp_en_selle\/wp-content\/uploads\/2026\/04\/IMG-20250913-WA0015-1023x1536.jpg","1536x1536-width":1023,"1536x1536-height":1536,"2048x2048":"https:\/\/frhb10946ds.ikexpress.com\/~hacka2603\/wp_en_selle\/wp-content\/uploads\/2026\/04\/IMG-20250913-WA0015.jpg","2048x2048-width":1066,"2048x2048-height":1600}},"photo_accompagnatrice_source":{"label":"Photo accompagnatrice","type":"image","formatted_value":{"ID":237,"id":237,"title":"IMG-20250913-WA0015","filename":"IMG-20250913-WA0015.jpg","filesize":129376,"url":"https:\/\/frhb10946ds.ikexpress.com\/~hacka2603\/wp_en_selle\/wp-content\/uploads\/2026\/04\/IMG-20250913-WA0015.jpg","link":"https:\/\/frhb10946ds.ikexpress.com\/~hacka2603\/wp_en_selle\/accueil\/img-20250913-wa0015","alt":"accompagnatrice avec son cheval","author":"2","description":"","caption":"","name":"img-20250913-wa0015","status":"inherit","uploaded_to":28,"date":"2026-04-09 16:51:35","modified":"2026-04-10 06:28:45","menu_order":0,"mime_type":"image\/jpeg","type":"image","subtype":"jpeg","icon":"https:\/\/frhb10946ds.ikexpress.com\/~hacka2603\/wp_en_selle\/wp-includes\/images\/media\/default.png","width":1066,"height":1600,"sizes":{"thumbnail":"https:\/\/frhb10946ds.ikexpress.com\/~hacka2603\/wp_en_selle\/wp-content\/uploads\/2026\/04\/IMG-20250913-WA0015-150x150.jpg","thumbnail-width":150,"thumbnail-height":150,"medium":"https:\/\/frhb10946ds.ikexpress.com\/~hacka2603\/wp_en_selle\/wp-content\/uploads\/2026\/04\/IMG-20250913-WA0015-200x300.jpg","medium-width":200,"medium-height":300,"medium_large":"https:\/\/frhb10946ds.ikexpress.com\/~hacka2603\/wp_en_selle\/wp-content\/uploads\/2026\/04\/IMG-20250913-WA0015-768x1153.jpg","medium_large-width":768,"medium_large-height":1153,"large":"https:\/\/frhb10946ds.ikexpress.com\/~hacka2603\/wp_en_selle\/wp-content\/uploads\/2026\/04\/IMG-20250913-WA0015-682x1024.jpg","large-width":682,"large-height":1024,"1536x1536":"https:\/\/frhb10946ds.ikexpress.com\/~hacka2603\/wp_en_selle\/wp-content\/uploads\/2026\/04\/IMG-20250913-WA0015-1023x1536.jpg","1536x1536-width":1023,"1536x1536-height":1536,"2048x2048":"https:\/\/frhb10946ds.ikexpress.com\/~hacka2603\/wp_en_selle\/wp-content\/uploads\/2026\/04\/IMG-20250913-WA0015.jpg","2048x2048-width":1066,"2048x2048-height":1600}}},"eyebrow_histoire":"Mon Histoire","eyebrow_histoire_source":{"label":"eyebrow histoire","type":"text","formatted_value":"Mon Histoire"},"titre_histoire":"Une passion n\u00e9e bien avant les cours","titre_histoire_source":{"label":"titre histoire","type":"text","formatted_value":"Une passion n\u00e9e bien avant les cours"},"role_accompagnatrice":"Monitrice diplom\u00e9e - 20 d'\u00e9quitation","role_accompagnatrice_source":{"label":"role accompagnatrice","type":"text","formatted_value":"Monitrice diplom\u00e9e - 20 d'\u00e9quitation"},"texte_histoire":"Tout a commenc\u00e9 par un r\u00eave de petite fille, celle qui ne voulait jamais rentrer \u00e0 la maison parce que les chevaux \u00e9taient l\u00e0. Dipl\u00f4m\u00e9e monitrice, les cours en man\u00e8ge ne m'ont jamais vraiment combl\u00e9e. Il y manquait quelque chose d'essentiel : l'\u00e9change, la libert\u00e9, la vraie connexion avec l'animal.\r\n\r\n\r\n","texte_histoire_source":{"label":"Texte Histoire","type":"textarea","formatted_value":"Tout a commenc\u00e9 par un r\u00eave de petite fille, celle qui ne voulait jamais rentrer \u00e0 la maison parce que les chevaux \u00e9taient l\u00e0. Dipl\u00f4m\u00e9e monitrice, les cours en man\u00e8ge ne m'ont jamais vraiment combl\u00e9e. Il y manquait quelque chose d'essentiel : l'\u00e9change, la libert\u00e9, la vraie connexion avec l'animal.\r\n\r\n\r\n"},"texte_histoire2":"\u00ab Les chevaux qui tournent en rond dans un man\u00e8ge, c'est bien. Ceux qui partent \u00e0 l'aventure avec vous dans les Pyr\u00e9n\u00e9es, c'est mieux. Ils sont d'accord, je leur ai demand\u00e9. \u00bb\r\nCe qui m'anime profond\u00e9ment, c'est de transmettre. Pas juste promener des gens \u00e0 cheval mais leur donner quelque chose qui reste : une compr\u00e9hension du cheval, un ressenti dans le corps, une \u00e9motion qu'on raconte encore des ann\u00e9es apr\u00e8s. ","texte_histoire2_source":{"label":"Texte Histoire2","type":"textarea","formatted_value":"\u00ab Les chevaux qui tournent en rond dans un man\u00e8ge, c'est bien. Ceux qui partent \u00e0 l'aventure avec vous dans les Pyr\u00e9n\u00e9es, c'est mieux. Ils sont d'accord, je leur ai demand\u00e9. \u00bb\r\nCe qui m'anime profond\u00e9ment, c'est de transmettre. Pas juste promener des gens \u00e0 cheval mais leur donner quelque chose qui reste : une compr\u00e9hension du cheval, un ressenti dans le corps, une \u00e9motion qu'on raconte encore des ann\u00e9es apr\u00e8s. "},"texte_histoire3":"Mes chevaux, je les aime sinc\u00e8rement. Je prends soin d'eux, ils me le rendent bien. Les avoir dans un champ, c'est beau les faire vivre, travailler et rencontrer des gens, c'est encore mieux. Pour eux comme pour moi.","texte_histoire3_source":{"label":"Texte Histoire3","type":"textarea","formatted_value":"Mes chevaux, je les aime sinc\u00e8rement. Je prends soin d'eux, ils me le rendent bien. Les avoir dans un champ, c'est beau les faire vivre, travailler et rencontrer des gens, c'est encore mieux. Pour eux comme pour moi."},"titre_valeurs":"Notre valeur principale qui guide chaque sortie","titre_valeurs_source":{"label":"titre valeurs","type":"text","formatted_value":"Notre valeur principale qui guide chaque sortie"},"sous_titre_valeurs":"Ce ne sont pas des mots sur un mur \u2014 ce sont des fa\u00e7ons d'\u00eatre, chaque jour, avec chaque cavalier et chaque cheval.","sous_titre_valeurs_source":{"label":"Sous titre valeurs","type":"textarea","formatted_value":"Ce ne sont pas des mots sur un mur \u2014 ce sont des fa\u00e7ons d'\u00eatre, chaque jour, avec chaque cavalier et chaque cheval."},"liste_valeurs":[{"titre_val":"Contact humain","texte_val":"Pas de formulaire, pas de chatbot. Un appel, un message. On organise ensemble la balade qui vous ressemble."}],"liste_valeurs_source":{"label":"liste valeurs","type":"repeater","formatted_value":[{"titre_val":"Contact humain","texte_val":"Pas de formulaire, pas de chatbot. Un appel, un message. On organise ensemble la balade qui vous ressemble."}]},"eyebrow_raisons":"Pourquoi nous choisir","eyebrow_raisons_source":{"label":"Eyebrow raisons","type":"text","formatted_value":"Pourquoi nous choisir"},"titre_raisons":"Comment \u00e7a se passe chez En Selle","titre_raisons_source":{"label":"titre raisons","type":"text","formatted_value":"Comment \u00e7a se passe chez En Selle"},"liste_raisons":[{"titre":"Cavalerie adorable","texte":"Ils sont calmes, bien dans leur t\u00eate et volontaires. Ils font la moiti\u00e9 du travail et ils le savent."},{"titre":"Esprit familial","texte":"De 7 \u00e0 77 ans, tout le monde est le bienvenu. L'ambiance est chaleureuse, d\u00e9tendue, et les chevaux adorables."},{"titre":"Petits groupes ","texte":"On ne fait pas d\u00e9filer les gens en masse. Des groupes r\u00e9duits pour une attention vraiment personnalis\u00e9e."},{"titre":"P\u00e9dagogie adapt\u00e9e","texte":"D\u00e9butants, anciens cavaliers rouill\u00e9s, enfants curieux, il y a une balade et une fa\u00e7on de vous l'expliquer."},{"titre":"Partage avec l'animal","texte":"Pas juste \"monter \u00e0 cheval\". Comprendre comment l'animal pense, \u00e9tablir une vraie connexion avec lui."}],"liste_raisons_source":{"label":"liste_raisons","type":"repeater","formatted_value":[{"titre":"Cavalerie adorable","texte":"Ils sont calmes, bien dans leur t\u00eate et volontaires. Ils font la moiti\u00e9 du travail et ils le savent."},{"titre":"Esprit familial","texte":"De 7 \u00e0 77 ans, tout le monde est le bienvenu. L'ambiance est chaleureuse, d\u00e9tendue, et les chevaux adorables."},{"titre":"Petits groupes ","texte":"On ne fait pas d\u00e9filer les gens en masse. Des groupes r\u00e9duits pour une attention vraiment personnalis\u00e9e."},{"titre":"P\u00e9dagogie adapt\u00e9e","texte":"D\u00e9butants, anciens cavaliers rouill\u00e9s, enfants curieux, il y a une balade et une fa\u00e7on de vous l'expliquer."},{"titre":"Partage avec l'animal","texte":"Pas juste \"monter \u00e0 cheval\". Comprendre comment l'animal pense, \u00e9tablir une vraie connexion avec lui."}]}},"_links":{"self":[{"href":"https:\/\/frhb10946ds.ikexpress.com\/~hacka2603\/wp_en_selle\/wp-json\/wp\/v2\/pages\/22","targetHints":{"allow":["GET"]}}],"collection":[{"href":"https:\/\/frhb10946ds.ikexpress.com\/~hacka2603\/wp_en_selle\/wp-json\/wp\/v2\/pages"}],"about":[{"href":"https:\/\/frhb10946ds.ikexpress.com\/~hacka2603\/wp_en_selle\/wp-json\/wp\/v2\/types\/page"}],"author":[{"embeddable":true,"href":"https:\/\/frhb10946ds.ikexpress.com\/~hacka2603\/wp_en_selle\/wp-json\/wp\/v2\/users\/2"}],"replies":[{"embeddable":true,"href":"https:\/\/frhb10946ds.ikexpress.com\/~hacka2603\/wp_en_selle\/wp-json\/wp\/v2\/comments?post=22"}],"version-history":[{"count":21,"href":"https:\/\/frhb10946ds.ikexpress.com\/~hacka2603\/wp_en_selle\/wp-json\/wp\/v2\/pages\/22\/revisions"}],"predecessor-version":[{"id":409,"href":"https:\/\/frhb10946ds.ikexpress.com\/~hacka2603\/wp_en_selle\/wp-json\/wp\/v2\/pages\/22\/revisions\/409"}],"wp:attachment":[{"href":"https:\/\/frhb10946ds.ikexpress.com\/~hacka2603\/wp_en_selle\/wp-json\/wp\/v2\/media?parent=22"}],"curies":[{"name":"wp","href":"https:\/\/api.w.org\/{rel}","templated":true}]}}